{"id":3205,"date":"2023-04-11T16:16:47","date_gmt":"2023-04-11T14:16:47","guid":{"rendered":"https:\/\/www.omenparis.com\/3205-2\/"},"modified":"2023-07-27T16:07:35","modified_gmt":"2023-07-27T14:07:35","slug":"3205-2","status":"publish","type":"page","link":"https:\/\/condescending-zhukovsky.51-91-233-185.plesk.page\/en\/3205-2\/","title":{"rendered":""},"content":{"rendered":"\n<div style=\"height:0px\" aria-hidden=\"true\" class=\"wp-block-spacer\"><\/div>\n\n<div class=\"wp-block-cover is-light has-custom-content-position is-position-top-left\"><span aria-hidden=\"true\" class=\"wp-block-cover__background has-vivid-purple-background-color has-background-dim-0 has-background-dim\"><\/span><img loading=\"lazy\" decoding=\"async\" width=\"1536\" height=\"2048\" class=\"wp-block-cover__image-background wp-image-2845\" alt=\"Sur cette page du site Omen Paris, vous pouvez retrouver les acc\u00e8s \u00e0 nos diff\u00e9rentes pages expliquant l'histoire de notre maison.\" src=\"https:\/\/condescending-zhukovsky.51-91-233-185.plesk.page\/wp-content\/uploads\/2023\/04\/IMG_7302-scaled.jpg\" style=\"object-position:48% 58%\" data-object-fit=\"cover\" data-object-position=\"48% 58%\" srcset=\"https:\/\/condescending-zhukovsky.51-91-233-185.plesk.page\/wp-content\/uploads\/2023\/04\/IMG_7302-scaled.jpg 1536w, https:\/\/condescending-zhukovsky.51-91-233-185.plesk.page\/wp-content\/uploads\/2023\/04\/IMG_7302-scaled-650x867.jpg 650w, https:\/\/condescending-zhukovsky.51-91-233-185.plesk.page\/wp-content\/uploads\/2023\/04\/IMG_7302-225x300.jpg 225w, https:\/\/condescending-zhukovsky.51-91-233-185.plesk.page\/wp-content\/uploads\/2023\/04\/IMG_7302-768x1024.jpg 768w, https:\/\/condescending-zhukovsky.51-91-233-185.plesk.page\/wp-content\/uploads\/2023\/04\/IMG_7302-113x150.jpg 113w, https:\/\/condescending-zhukovsky.51-91-233-185.plesk.page\/wp-content\/uploads\/2023\/04\/IMG_7302-1152x1536.jpg 1152w\" sizes=\"auto, (max-width: 1536px) 100vw, 1536px\" \/><div class=\"wp-block-cover__inner-container is-layout-flow wp-block-cover-is-layout-flow\">\n<p class=\"has-white-color has-text-color\" style=\"font-size:70px\">HOME<\/p>\n<\/div><\/div>\n\n<div style=\"height:15px\" aria-hidden=\"true\" class=\"wp-block-spacer\"><\/div>\n\n<figure class=\"wp-block-gallery has-nested-images columns-default is-cropped wp-block-gallery-1 is-layout-flex wp-block-gallery-is-layout-flex\">\n<figure class=\"wp-block-image size-large is-style-default\"><a href=\"https:\/\/condescending-zhukovsky.51-91-233-185.plesk.page\/en\/our-brand\/\" target=\"_blank\" rel=\"Notre histoire noopener\"><img loading=\"lazy\" decoding=\"async\" width=\"600\" height=\"400\" data-id=\"2788\" src=\"https:\/\/condescending-zhukovsky.51-91-233-185.plesk.page\/wp-content\/uploads\/2023\/04\/depositphotos_97768120-stock-photo-metal-nuts-and-bolts-3.webp\" alt=\"Home (History)\" class=\"wp-image-2788\" srcset=\"https:\/\/condescending-zhukovsky.51-91-233-185.plesk.page\/wp-content\/uploads\/2023\/04\/depositphotos_97768120-stock-photo-metal-nuts-and-bolts-3.webp 600w, https:\/\/condescending-zhukovsky.51-91-233-185.plesk.page\/wp-content\/uploads\/2023\/04\/depositphotos_97768120-stock-photo-metal-nuts-and-bolts-3-300x200.webp 300w, https:\/\/condescending-zhukovsky.51-91-233-185.plesk.page\/wp-content\/uploads\/2023\/04\/depositphotos_97768120-stock-photo-metal-nuts-and-bolts-3-150x100.webp 150w\" sizes=\"auto, (max-width: 600px) 100vw, 600px\" \/><\/a><figcaption class=\"wp-element-caption\"><strong>STORY<\/strong><\/figcaption><\/figure>\n\n\n<figure class=\"wp-block-image size-large\"><a href=\"https:\/\/condescending-zhukovsky.51-91-233-185.plesk.page\/en\/3226-2\/\" target=\"_blank\" rel=\"Nos valeurs noopener\"><img loading=\"lazy\" decoding=\"async\" width=\"1024\" height=\"1024\" data-id=\"2976\" src=\"https:\/\/condescending-zhukovsky.51-91-233-185.plesk.page\/wp-content\/uploads\/2023\/04\/B3E8C6E4-0384-42CC-A927-5057AEF155E2-1024x1024.jpg\" alt=\"Home (our values)\" class=\"wp-image-2976\" srcset=\"https:\/\/condescending-zhukovsky.51-91-233-185.plesk.page\/wp-content\/uploads\/2023\/04\/B3E8C6E4-0384-42CC-A927-5057AEF155E2-1024x1024.jpg 1024w, https:\/\/condescending-zhukovsky.51-91-233-185.plesk.page\/wp-content\/uploads\/2023\/04\/B3E8C6E4-0384-42CC-A927-5057AEF155E2-300x300.jpg 300w, https:\/\/condescending-zhukovsky.51-91-233-185.plesk.page\/wp-content\/uploads\/2023\/04\/B3E8C6E4-0384-42CC-A927-5057AEF155E2-scaled-650x650.jpg 650w, https:\/\/condescending-zhukovsky.51-91-233-185.plesk.page\/wp-content\/uploads\/2023\/04\/B3E8C6E4-0384-42CC-A927-5057AEF155E2-150x150.jpg 150w, https:\/\/condescending-zhukovsky.51-91-233-185.plesk.page\/wp-content\/uploads\/2023\/04\/B3E8C6E4-0384-42CC-A927-5057AEF155E2-768x768.jpg 768w, https:\/\/condescending-zhukovsky.51-91-233-185.plesk.page\/wp-content\/uploads\/2023\/04\/B3E8C6E4-0384-42CC-A927-5057AEF155E2-1536x1536.jpg 1536w, https:\/\/condescending-zhukovsky.51-91-233-185.plesk.page\/wp-content\/uploads\/2023\/04\/B3E8C6E4-0384-42CC-A927-5057AEF155E2-scaled.jpg 2048w\" sizes=\"auto, (max-width: 1024px) 100vw, 1024px\" \/><\/a><figcaption class=\"wp-element-caption\"><strong>VALUES<\/strong><\/figcaption><\/figure>\n\n\n<figure class=\"wp-block-image size-large\"><a href=\"https:\/\/condescending-zhukovsky.51-91-233-185.plesk.page\/en\/know-how\/\" target=\"_blank\" rel=\"Savoir-faire noopener\"><img loading=\"lazy\" decoding=\"async\" width=\"1024\" height=\"684\" data-id=\"2790\" src=\"https:\/\/condescending-zhukovsky.51-91-233-185.plesk.page\/wp-content\/uploads\/2023\/04\/DSC_3329-3-1024x684.jpg\" alt=\"House (Know-how)\" class=\"wp-image-2790\" srcset=\"https:\/\/condescending-zhukovsky.51-91-233-185.plesk.page\/wp-content\/uploads\/2023\/04\/DSC_3329-3-1024x684.jpg 1024w, https:\/\/condescending-zhukovsky.51-91-233-185.plesk.page\/wp-content\/uploads\/2023\/04\/DSC_3329-3-scaled-650x434.jpg 650w, https:\/\/condescending-zhukovsky.51-91-233-185.plesk.page\/wp-content\/uploads\/2023\/04\/DSC_3329-3-300x200.jpg 300w, https:\/\/condescending-zhukovsky.51-91-233-185.plesk.page\/wp-content\/uploads\/2023\/04\/DSC_3329-3-150x100.jpg 150w, https:\/\/condescending-zhukovsky.51-91-233-185.plesk.page\/wp-content\/uploads\/2023\/04\/DSC_3329-3-768x513.jpg 768w, https:\/\/condescending-zhukovsky.51-91-233-185.plesk.page\/wp-content\/uploads\/2023\/04\/DSC_3329-3-1536x1025.jpg 1536w, https:\/\/condescending-zhukovsky.51-91-233-185.plesk.page\/wp-content\/uploads\/2023\/04\/DSC_3329-3-scaled.jpg 2048w\" sizes=\"auto, (max-width: 1024px) 100vw, 1024px\" \/><\/a><figcaption class=\"wp-element-caption\"><strong>KNOW-HOW<\/strong><\/figcaption><\/figure><\/figure>\n\n<figure class=\"wp-block-gallery has-nested-images columns-default is-cropped wp-block-gallery-2 is-layout-flex wp-block-gallery-is-layout-flex\">\n<figure class=\"wp-block-image size-large\"><a href=\"https:\/\/condescending-zhukovsky.51-91-233-185.plesk.page\/en\/3207-2\/\" target=\"_blank\" rel=\"Galerie photo noopener\"><img loading=\"lazy\" decoding=\"async\" width=\"1024\" height=\"1024\" data-id=\"2859\" src=\"https:\/\/condescending-zhukovsky.51-91-233-185.plesk.page\/wp-content\/uploads\/2023\/04\/IMG_7443-2-1024x1024.jpg\" alt=\"Home (Photo gallery)\" class=\"wp-image-2859\" srcset=\"https:\/\/condescending-zhukovsky.51-91-233-185.plesk.page\/wp-content\/uploads\/2023\/04\/IMG_7443-2-1024x1024.jpg 1024w, https:\/\/condescending-zhukovsky.51-91-233-185.plesk.page\/wp-content\/uploads\/2023\/04\/IMG_7443-2-300x300.jpg 300w, https:\/\/condescending-zhukovsky.51-91-233-185.plesk.page\/wp-content\/uploads\/2023\/04\/IMG_7443-2-scaled-650x650.jpg 650w, https:\/\/condescending-zhukovsky.51-91-233-185.plesk.page\/wp-content\/uploads\/2023\/04\/IMG_7443-2-150x150.jpg 150w, https:\/\/condescending-zhukovsky.51-91-233-185.plesk.page\/wp-content\/uploads\/2023\/04\/IMG_7443-2-768x768.jpg 768w, https:\/\/condescending-zhukovsky.51-91-233-185.plesk.page\/wp-content\/uploads\/2023\/04\/IMG_7443-2-1536x1536.jpg 1536w, https:\/\/condescending-zhukovsky.51-91-233-185.plesk.page\/wp-content\/uploads\/2023\/04\/IMG_7443-2-scaled.jpg 2048w\" sizes=\"auto, (max-width: 1024px) 100vw, 1024px\" \/><\/a><figcaption class=\"wp-element-caption\"><strong>PHOTO GALLERY<\/strong><\/figcaption><\/figure>\n\n\n<figure class=\"wp-block-image size-full\"><a href=\"https:\/\/condescending-zhukovsky.51-91-233-185.plesk.page\/en\/4113-2\/\"><img loading=\"lazy\" decoding=\"async\" width=\"753\" height=\"751\" data-id=\"3635\" src=\"https:\/\/condescending-zhukovsky.51-91-233-185.plesk.page\/wp-content\/uploads\/2023\/05\/Capture-decran-2023-05-10-a-10.44.27.png\" alt=\"\" class=\"wp-image-3635\" srcset=\"https:\/\/condescending-zhukovsky.51-91-233-185.plesk.page\/wp-content\/uploads\/2023\/05\/Capture-decran-2023-05-10-a-10.44.27.png 753w, https:\/\/condescending-zhukovsky.51-91-233-185.plesk.page\/wp-content\/uploads\/2023\/05\/Capture-decran-2023-05-10-a-10.44.27-300x300.png 300w, https:\/\/condescending-zhukovsky.51-91-233-185.plesk.page\/wp-content\/uploads\/2023\/05\/Capture-decran-2023-05-10-a-10.44.27-100x100.png 100w, https:\/\/condescending-zhukovsky.51-91-233-185.plesk.page\/wp-content\/uploads\/2023\/05\/Capture-decran-2023-05-10-a-10.44.27-650x648.png 650w, https:\/\/condescending-zhukovsky.51-91-233-185.plesk.page\/wp-content\/uploads\/2023\/05\/Capture-decran-2023-05-10-a-10.44.27-150x150.png 150w\" sizes=\"auto, (max-width: 753px) 100vw, 753px\" \/><\/a><figcaption class=\"wp-element-caption\"><strong>INSPIRATION<\/strong><\/figcaption><\/figure><\/figure>\n","protected":false},"excerpt":{"rendered":"","protected":false},"author":5,"featured_media":0,"parent":0,"menu_order":0,"comment_status":"closed","ping_status":"closed","template":"","meta":{"footnotes":""},"class_list":["post-3205","page","type-page","status-publish","hentry","latest_post"],"yoast_head":"<!-- This site is optimized with the Yoast SEO plugin v20.7 - https:\/\/yoast.com\/wordpress\/plugins\/seo\/ -->\n<title>Home - Omen Paris<\/title>\n<meta name=\"description\" content=\"On this page of the Omen Paris website, you can access our various pages explaining the history of our company.\" \/>\n<meta name=\"robots\" content=\"index, follow, max-snippet:-1, max-image-preview:large, max-video-preview:-1\" \/>\n<link rel=\"canonical\" href=\"https:\/\/condescending-zhukovsky.51-91-233-185.plesk.page\/en\/3205-2\/\" \/>\n<meta property=\"og:locale\" content=\"en_US\" \/>\n<meta property=\"og:type\" content=\"article\" \/>\n<meta property=\"og:title\" content=\"Home - Omen Paris\" \/>\n<meta property=\"og:description\" content=\"On this page of the Omen Paris website, you can access our various pages explaining the history of our company.\" \/>\n<meta property=\"og:url\" content=\"https:\/\/condescending-zhukovsky.51-91-233-185.plesk.page\/en\/3205-2\/\" \/>\n<meta property=\"og:site_name\" content=\"Omen Paris\" \/>\n<meta property=\"article:modified_time\" content=\"2023-07-27T14:07:35+00:00\" \/>\n<meta property=\"og:image\" content=\"https:\/\/condescending-zhukovsky.51-91-233-185.plesk.page\/wp-content\/uploads\/2023\/04\/IMG_7302-scaled.jpg\" \/>\n<meta name=\"twitter:card\" content=\"summary_large_image\" \/>\n<script type=\"application\/ld+json\" class=\"yoast-schema-graph\">{\"@context\":\"https:\/\/schema.org\",\"@graph\":[{\"@type\":\"WebPage\",\"@id\":\"https:\/\/condescending-zhukovsky.51-91-233-185.plesk.page\/en\/3205-2\/\",\"url\":\"https:\/\/condescending-zhukovsky.51-91-233-185.plesk.page\/en\/3205-2\/\",\"name\":\"Home - Omen Paris\",\"isPartOf\":{\"@id\":\"https:\/\/condescending-zhukovsky.51-91-233-185.plesk.page\/en\/#website\"},\"datePublished\":\"2023-04-11T14:16:47+00:00\",\"dateModified\":\"2023-07-27T14:07:35+00:00\",\"description\":\"On this page of the Omen Paris website, you can access our various pages explaining the history of our company.\",\"inLanguage\":\"en-US\",\"potentialAction\":[{\"@type\":\"ReadAction\",\"target\":[\"https:\/\/condescending-zhukovsky.51-91-233-185.plesk.page\/en\/3205-2\/\"]}]},{\"@type\":\"WebSite\",\"@id\":\"https:\/\/condescending-zhukovsky.51-91-233-185.plesk.page\/en\/#website\",\"url\":\"https:\/\/condescending-zhukovsky.51-91-233-185.plesk.page\/en\/\",\"name\":\"Omen Paris\",\"description\":\"Pour apprendre \u00e0 mieux nous conna\u00eetre\",\"publisher\":{\"@id\":\"https:\/\/condescending-zhukovsky.51-91-233-185.plesk.page\/en\/#organization\"},\"potentialAction\":[{\"@type\":\"SearchAction\",\"target\":{\"@type\":\"EntryPoint\",\"urlTemplate\":\"https:\/\/condescending-zhukovsky.51-91-233-185.plesk.page\/en\/?s={search_term_string}\"},\"query-input\":\"required name=search_term_string\"}],\"inLanguage\":\"en-US\"},{\"@type\":\"Organization\",\"@id\":\"https:\/\/condescending-zhukovsky.51-91-233-185.plesk.page\/en\/#organization\",\"name\":\"Omen Paris\",\"url\":\"https:\/\/condescending-zhukovsky.51-91-233-185.plesk.page\/en\/\",\"logo\":{\"@type\":\"ImageObject\",\"inLanguage\":\"en-US\",\"@id\":\"https:\/\/condescending-zhukovsky.51-91-233-185.plesk.page\/en\/#\/schema\/logo\/image\/\",\"url\":\"https:\/\/condescending-zhukovsky.51-91-233-185.plesk.page\/wp-content\/uploads\/2022\/09\/Omen-Paris-logo.jpg\",\"contentUrl\":\"https:\/\/condescending-zhukovsky.51-91-233-185.plesk.page\/wp-content\/uploads\/2022\/09\/Omen-Paris-logo.jpg\",\"width\":250,\"height\":78,\"caption\":\"Omen Paris\"},\"image\":{\"@id\":\"https:\/\/condescending-zhukovsky.51-91-233-185.plesk.page\/en\/#\/schema\/logo\/image\/\"},\"sameAs\":[\"https:\/\/www.instagram.com\/omenparis\/\"]}]}<\/script>\n<!-- \/ Yoast SEO plugin. -->","yoast_head_json":{"title":"Home - Omen Paris","description":"On this page of the Omen Paris website, you can access our various pages explaining the history of our company.","robots":{"index":"index","follow":"follow","max-snippet":"max-snippet:-1","max-image-preview":"max-image-preview:large","max-video-preview":"max-video-preview:-1"},"canonical":"https:\/\/condescending-zhukovsky.51-91-233-185.plesk.page\/en\/3205-2\/","og_locale":"en_US","og_type":"article","og_title":"Home - Omen Paris","og_description":"On this page of the Omen Paris website, you can access our various pages explaining the history of our company.","og_url":"https:\/\/condescending-zhukovsky.51-91-233-185.plesk.page\/en\/3205-2\/","og_site_name":"Omen Paris","article_modified_time":"2023-07-27T14:07:35+00:00","og_image":[{"url":"https:\/\/condescending-zhukovsky.51-91-233-185.plesk.page\/wp-content\/uploads\/2023\/04\/IMG_7302-scaled.jpg"}],"twitter_card":"summary_large_image","schema":{"@context":"https:\/\/schema.org","@graph":[{"@type":"WebPage","@id":"https:\/\/condescending-zhukovsky.51-91-233-185.plesk.page\/en\/3205-2\/","url":"https:\/\/condescending-zhukovsky.51-91-233-185.plesk.page\/en\/3205-2\/","name":"Home - Omen Paris","isPartOf":{"@id":"https:\/\/condescending-zhukovsky.51-91-233-185.plesk.page\/en\/#website"},"datePublished":"2023-04-11T14:16:47+00:00","dateModified":"2023-07-27T14:07:35+00:00","description":"On this page of the Omen Paris website, you can access our various pages explaining the history of our company.","inLanguage":"en-US","potentialAction":[{"@type":"ReadAction","target":["https:\/\/condescending-zhukovsky.51-91-233-185.plesk.page\/en\/3205-2\/"]}]},{"@type":"WebSite","@id":"https:\/\/condescending-zhukovsky.51-91-233-185.plesk.page\/en\/#website","url":"https:\/\/condescending-zhukovsky.51-91-233-185.plesk.page\/en\/","name":"Omen Paris","description":"Pour apprendre \u00e0 mieux nous conna\u00eetre","publisher":{"@id":"https:\/\/condescending-zhukovsky.51-91-233-185.plesk.page\/en\/#organization"},"potentialAction":[{"@type":"SearchAction","target":{"@type":"EntryPoint","urlTemplate":"https:\/\/condescending-zhukovsky.51-91-233-185.plesk.page\/en\/?s={search_term_string}"},"query-input":"required name=search_term_string"}],"inLanguage":"en-US"},{"@type":"Organization","@id":"https:\/\/condescending-zhukovsky.51-91-233-185.plesk.page\/en\/#organization","name":"Omen Paris","url":"https:\/\/condescending-zhukovsky.51-91-233-185.plesk.page\/en\/","logo":{"@type":"ImageObject","inLanguage":"en-US","@id":"https:\/\/condescending-zhukovsky.51-91-233-185.plesk.page\/en\/#\/schema\/logo\/image\/","url":"https:\/\/condescending-zhukovsky.51-91-233-185.plesk.page\/wp-content\/uploads\/2022\/09\/Omen-Paris-logo.jpg","contentUrl":"https:\/\/condescending-zhukovsky.51-91-233-185.plesk.page\/wp-content\/uploads\/2022\/09\/Omen-Paris-logo.jpg","width":250,"height":78,"caption":"Omen Paris"},"image":{"@id":"https:\/\/condescending-zhukovsky.51-91-233-185.plesk.page\/en\/#\/schema\/logo\/image\/"},"sameAs":["https:\/\/www.instagram.com\/omenparis\/"]}]}},"_links":{"self":[{"href":"https:\/\/condescending-zhukovsky.51-91-233-185.plesk.page\/en\/wp-json\/wp\/v2\/pages\/3205","targetHints":{"allow":["GET"]}}],"collection":[{"href":"https:\/\/condescending-zhukovsky.51-91-233-185.plesk.page\/en\/wp-json\/wp\/v2\/pages"}],"about":[{"href":"https:\/\/condescending-zhukovsky.51-91-233-185.plesk.page\/en\/wp-json\/wp\/v2\/types\/page"}],"author":[{"embeddable":true,"href":"https:\/\/condescending-zhukovsky.51-91-233-185.plesk.page\/en\/wp-json\/wp\/v2\/users\/5"}],"replies":[{"embeddable":true,"href":"https:\/\/condescending-zhukovsky.51-91-233-185.plesk.page\/en\/wp-json\/wp\/v2\/comments?post=3205"}],"version-history":[{"count":6,"href":"https:\/\/condescending-zhukovsky.51-91-233-185.plesk.page\/en\/wp-json\/wp\/v2\/pages\/3205\/revisions"}],"predecessor-version":[{"id":4125,"href":"https:\/\/condescending-zhukovsky.51-91-233-185.plesk.page\/en\/wp-json\/wp\/v2\/pages\/3205\/revisions\/4125"}],"wp:attachment":[{"href":"https:\/\/condescending-zhukovsky.51-91-233-185.plesk.page\/en\/wp-json\/wp\/v2\/media?parent=3205"}],"curies":[{"name":"wp","href":"https:\/\/api.w.org\/{rel}","templated":true}]}}