{"id":3211,"date":"2023-04-20T16:01:02","date_gmt":"2023-04-20T14:01:02","guid":{"rendered":"https:\/\/www.omenparis.com\/3211-2\/"},"modified":"2023-07-26T17:55:13","modified_gmt":"2023-07-26T15:55:13","slug":"3211-2","status":"publish","type":"page","link":"https:\/\/condescending-zhukovsky.51-91-233-185.plesk.page\/en\/3211-2\/","title":{"rendered":""},"content":{"rendered":"\n<div class=\"wp-block-cover has-custom-content-position is-position-center-left\" style=\"min-height:351px;aspect-ratio:unset;\"><span aria-hidden=\"true\" class=\"wp-block-cover__background has-background-dim-0 has-background-dim\"><\/span><img loading=\"lazy\" decoding=\"async\" width=\"2048\" height=\"1365\" class=\"wp-block-cover__image-background wp-image-2801\" alt=\"Sur cette page du site Omen Paris, vous pouvez retrouver les diff\u00e9rents points de vente de la marque en Am\u00e9riques.\" src=\"https:\/\/condescending-zhukovsky.51-91-233-185.plesk.page\/wp-content\/uploads\/2023\/04\/Photo-01-2-scaled.jpg\" style=\"object-position:24% 67%\" data-object-fit=\"cover\" data-object-position=\"24% 67%\" srcset=\"https:\/\/condescending-zhukovsky.51-91-233-185.plesk.page\/wp-content\/uploads\/2023\/04\/Photo-01-2-scaled.jpg 2048w, https:\/\/condescending-zhukovsky.51-91-233-185.plesk.page\/wp-content\/uploads\/2023\/04\/Photo-01-2-scaled-650x433.jpg 650w, https:\/\/condescending-zhukovsky.51-91-233-185.plesk.page\/wp-content\/uploads\/2023\/04\/Photo-01-2-300x200.jpg 300w, https:\/\/condescending-zhukovsky.51-91-233-185.plesk.page\/wp-content\/uploads\/2023\/04\/Photo-01-2-1024x683.jpg 1024w, https:\/\/condescending-zhukovsky.51-91-233-185.plesk.page\/wp-content\/uploads\/2023\/04\/Photo-01-2-150x100.jpg 150w, https:\/\/condescending-zhukovsky.51-91-233-185.plesk.page\/wp-content\/uploads\/2023\/04\/Photo-01-2-768x512.jpg 768w, https:\/\/condescending-zhukovsky.51-91-233-185.plesk.page\/wp-content\/uploads\/2023\/04\/Photo-01-2-1536x1024.jpg 1536w\" sizes=\"auto, (max-width: 2048px) 100vw, 2048px\" \/><div class=\"wp-block-cover__inner-container is-layout-flow wp-block-cover-is-layout-flow\">\n<p class=\"has-text-align-left has-white-color has-text-color\" style=\"font-size:80px\">AMERICAS<\/p>\n<\/div><\/div>\n\n<div style=\"height:40px\" aria-hidden=\"true\" class=\"wp-block-spacer\"><\/div>\n<style type=\"text\/css\" id=\"umsMapStyles_4_61103\">\r\n\t#ultimate_maps_4_61103 {\r\n        width: 100%;\r\n        height: 600px;\r\n\t        border: 0px solid ;\r\n        margin: 0px;\r\n    }\r\n\t#mapsControlsNum_4_61103 {\r\n\t\twidth:100%\t}\r\n\t.umsMapDetailsContainer#umsMapDetailsContainer_4_61103 {\r\n\t\theight:600px;\r\n\t}\r\n\t.ums_MapPreview#ultimate_maps_4_61103 {\r\n\t\t\/*position:absolute;*\/\r\n\t\twidth:100%;\r\n\t}\r\n\t#mapConElem_4_61103{\r\n\t\twidth:100%\t}\r\n\t<\/style>\r\n<div class=\"ums_map_opts\" id=\"mapConElem_4_61103\" data-id=\"4\" data-view-id=\"4_61103\" > <div class=\"umsMapDetailsContainer\" id=\"umsMapDetailsContainer_4_61103\"> <i class=\"umsKMLLayersPreloader fa fa-spinner fa-spin\" aria-hidden=\"true\" style=\"display: none;\"><\/i> <div class=\"ums_MapPreview \" id=\"ultimate_maps_4_61103\"><\/div> <\/div> <div class=\"umsMapMarkerFilters\" id=\"umsMapMarkerFilters_4_61103\"> <\/div> <div class=\"umsMapProControlsCon\" id=\"umsMapProControlsCon_4_61103\"> <a title=\"WordPress Google Maps Plugin\" style=\"border: none; color: #26bfc1 !important; font-size: 9px; display: block; float: right;\" href=\"https:\/\/supsystic.com\/plugins\/ultimate-maps\/?utm_source=plugin&utm_medium=love_link&utm_campaign=ultimatemaps\" target=\"_blank\">WordPress Google Maps Plugin<\/a> <\/div> <div class=\"umsMapProDirectionsCon\" id=\"umsMapProDirectionsCon_4_61103\" > <\/div> <div class=\"umsMapProKmlFilterCon\" id=\"umsMapProKmlFilterCon_4_61103\" > <\/div> <div class=\"umsSocialSharingShell umsSocialSharingShell_4_61103\"> <\/div> <div style=\"clear: both;\"><\/div> <\/div> \n\n<div style=\"height:40px\" aria-hidden=\"true\" class=\"wp-block-spacer\"><\/div>\n\n<hr class=\"wp-block-separator has-alpha-channel-opacity\"\/>\n\n<h3 class=\"wp-block-heading\"><strong>AM\u00c9RIQUE DU SUD<\/strong> &#8211; AM\u00c9RIQUES<\/h3>\n\n<div class=\"wp-block-columns is-layout-flex wp-container-core-columns-is-layout-9d6595d7 wp-block-columns-is-layout-flex\">\n<div class=\"wp-block-column is-layout-flow wp-block-column-is-layout-flow\">\n<p class=\"has-black-color has-text-color\"><strong>NG Cr\u00e9ation<\/strong><\/p>\n\n\n\n<p class=\"has-black-color has-text-color\">20 Rue du roi oscar II Gustavia\u00a0<\/p>\n\n\n\n<p class=\"has-black-color has-text-color\">97133 St Barth\u00e9lemy<\/p>\n\n\n\n<p class=\"has-black-color has-text-color\">Tel : +590 590 51 05 96<\/p>\n<\/div>\n\n\n\n<div class=\"wp-block-column is-layout-flow wp-block-column-is-layout-flow\"><\/div>\n\n\n\n<div class=\"wp-block-column is-layout-flow wp-block-column-is-layout-flow\"><\/div>\n\n\n\n<div class=\"wp-block-column is-layout-flow wp-block-column-is-layout-flow\"><\/div>\n<\/div>\n","protected":false},"excerpt":{"rendered":"<p>AM\u00c9RIQUE DU SUD &#8211; AM\u00c9RIQUES NG Cr\u00e9ation 20 Rue du roi oscar II Gustavia\u00a0 97133 St Barth\u00e9lemy Tel : +590 590 51 05 96<\/p>\n","protected":false},"author":5,"featured_media":0,"parent":0,"menu_order":0,"comment_status":"closed","ping_status":"closed","template":"","meta":{"footnotes":""},"class_list":["post-3211","page","type-page","status-publish","hentry","latest_post"],"yoast_head":"<!-- This site is optimized with the Yoast SEO plugin v20.7 - https:\/\/yoast.com\/wordpress\/plugins\/seo\/ -->\n<title>Americas - Omen Paris<\/title>\n<meta name=\"description\" content=\"On this page of the Omen Paris website, you can find the different points of sale of the brand in the Americas.\" \/>\n<meta name=\"robots\" content=\"index, follow, max-snippet:-1, max-image-preview:large, max-video-preview:-1\" \/>\n<link rel=\"canonical\" href=\"https:\/\/condescending-zhukovsky.51-91-233-185.plesk.page\/en\/3211-2\/\" \/>\n<meta property=\"og:locale\" content=\"en_US\" \/>\n<meta property=\"og:type\" content=\"article\" \/>\n<meta property=\"og:title\" content=\"Americas - Omen Paris\" \/>\n<meta property=\"og:description\" content=\"On this page of the Omen Paris website, you can find the different points of sale of the brand in the Americas.\" \/>\n<meta property=\"og:url\" content=\"https:\/\/condescending-zhukovsky.51-91-233-185.plesk.page\/en\/3211-2\/\" \/>\n<meta property=\"og:site_name\" content=\"Omen Paris\" \/>\n<meta property=\"article:modified_time\" content=\"2023-07-26T15:55:13+00:00\" \/>\n<meta property=\"og:image\" content=\"https:\/\/condescending-zhukovsky.51-91-233-185.plesk.page\/wp-content\/uploads\/2023\/04\/Photo-01-2-scaled.jpg\" \/>\n<meta name=\"twitter:card\" content=\"summary_large_image\" \/>\n<script type=\"application\/ld+json\" class=\"yoast-schema-graph\">{\"@context\":\"https:\/\/schema.org\",\"@graph\":[{\"@type\":\"WebPage\",\"@id\":\"https:\/\/condescending-zhukovsky.51-91-233-185.plesk.page\/en\/3211-2\/\",\"url\":\"https:\/\/condescending-zhukovsky.51-91-233-185.plesk.page\/en\/3211-2\/\",\"name\":\"Americas - Omen Paris\",\"isPartOf\":{\"@id\":\"https:\/\/condescending-zhukovsky.51-91-233-185.plesk.page\/en\/#website\"},\"datePublished\":\"2023-04-20T14:01:02+00:00\",\"dateModified\":\"2023-07-26T15:55:13+00:00\",\"description\":\"On this page of the Omen Paris website, you can find the different points of sale of the brand in the Americas.\",\"inLanguage\":\"en-US\",\"potentialAction\":[{\"@type\":\"ReadAction\",\"target\":[\"https:\/\/condescending-zhukovsky.51-91-233-185.plesk.page\/en\/3211-2\/\"]}]},{\"@type\":\"WebSite\",\"@id\":\"https:\/\/condescending-zhukovsky.51-91-233-185.plesk.page\/en\/#website\",\"url\":\"https:\/\/condescending-zhukovsky.51-91-233-185.plesk.page\/en\/\",\"name\":\"Omen Paris\",\"description\":\"Pour apprendre \u00e0 mieux nous conna\u00eetre\",\"publisher\":{\"@id\":\"https:\/\/condescending-zhukovsky.51-91-233-185.plesk.page\/en\/#organization\"},\"potentialAction\":[{\"@type\":\"SearchAction\",\"target\":{\"@type\":\"EntryPoint\",\"urlTemplate\":\"https:\/\/condescending-zhukovsky.51-91-233-185.plesk.page\/en\/?s={search_term_string}\"},\"query-input\":\"required name=search_term_string\"}],\"inLanguage\":\"en-US\"},{\"@type\":\"Organization\",\"@id\":\"https:\/\/condescending-zhukovsky.51-91-233-185.plesk.page\/en\/#organization\",\"name\":\"Omen Paris\",\"url\":\"https:\/\/condescending-zhukovsky.51-91-233-185.plesk.page\/en\/\",\"logo\":{\"@type\":\"ImageObject\",\"inLanguage\":\"en-US\",\"@id\":\"https:\/\/condescending-zhukovsky.51-91-233-185.plesk.page\/en\/#\/schema\/logo\/image\/\",\"url\":\"https:\/\/condescending-zhukovsky.51-91-233-185.plesk.page\/wp-content\/uploads\/2022\/09\/Omen-Paris-logo.jpg\",\"contentUrl\":\"https:\/\/condescending-zhukovsky.51-91-233-185.plesk.page\/wp-content\/uploads\/2022\/09\/Omen-Paris-logo.jpg\",\"width\":250,\"height\":78,\"caption\":\"Omen Paris\"},\"image\":{\"@id\":\"https:\/\/condescending-zhukovsky.51-91-233-185.plesk.page\/en\/#\/schema\/logo\/image\/\"},\"sameAs\":[\"https:\/\/www.instagram.com\/omenparis\/\"]}]}<\/script>\n<!-- \/ Yoast SEO plugin. -->","yoast_head_json":{"title":"Americas - Omen Paris","description":"On this page of the Omen Paris website, you can find the different points of sale of the brand in the Americas.","robots":{"index":"index","follow":"follow","max-snippet":"max-snippet:-1","max-image-preview":"max-image-preview:large","max-video-preview":"max-video-preview:-1"},"canonical":"https:\/\/condescending-zhukovsky.51-91-233-185.plesk.page\/en\/3211-2\/","og_locale":"en_US","og_type":"article","og_title":"Americas - Omen Paris","og_description":"On this page of the Omen Paris website, you can find the different points of sale of the brand in the Americas.","og_url":"https:\/\/condescending-zhukovsky.51-91-233-185.plesk.page\/en\/3211-2\/","og_site_name":"Omen Paris","article_modified_time":"2023-07-26T15:55:13+00:00","og_image":[{"url":"https:\/\/condescending-zhukovsky.51-91-233-185.plesk.page\/wp-content\/uploads\/2023\/04\/Photo-01-2-scaled.jpg"}],"twitter_card":"summary_large_image","schema":{"@context":"https:\/\/schema.org","@graph":[{"@type":"WebPage","@id":"https:\/\/condescending-zhukovsky.51-91-233-185.plesk.page\/en\/3211-2\/","url":"https:\/\/condescending-zhukovsky.51-91-233-185.plesk.page\/en\/3211-2\/","name":"Americas - Omen Paris","isPartOf":{"@id":"https:\/\/condescending-zhukovsky.51-91-233-185.plesk.page\/en\/#website"},"datePublished":"2023-04-20T14:01:02+00:00","dateModified":"2023-07-26T15:55:13+00:00","description":"On this page of the Omen Paris website, you can find the different points of sale of the brand in the Americas.","inLanguage":"en-US","potentialAction":[{"@type":"ReadAction","target":["https:\/\/condescending-zhukovsky.51-91-233-185.plesk.page\/en\/3211-2\/"]}]},{"@type":"WebSite","@id":"https:\/\/condescending-zhukovsky.51-91-233-185.plesk.page\/en\/#website","url":"https:\/\/condescending-zhukovsky.51-91-233-185.plesk.page\/en\/","name":"Omen Paris","description":"Pour apprendre \u00e0 mieux nous conna\u00eetre","publisher":{"@id":"https:\/\/condescending-zhukovsky.51-91-233-185.plesk.page\/en\/#organization"},"potentialAction":[{"@type":"SearchAction","target":{"@type":"EntryPoint","urlTemplate":"https:\/\/condescending-zhukovsky.51-91-233-185.plesk.page\/en\/?s={search_term_string}"},"query-input":"required name=search_term_string"}],"inLanguage":"en-US"},{"@type":"Organization","@id":"https:\/\/condescending-zhukovsky.51-91-233-185.plesk.page\/en\/#organization","name":"Omen Paris","url":"https:\/\/condescending-zhukovsky.51-91-233-185.plesk.page\/en\/","logo":{"@type":"ImageObject","inLanguage":"en-US","@id":"https:\/\/condescending-zhukovsky.51-91-233-185.plesk.page\/en\/#\/schema\/logo\/image\/","url":"https:\/\/condescending-zhukovsky.51-91-233-185.plesk.page\/wp-content\/uploads\/2022\/09\/Omen-Paris-logo.jpg","contentUrl":"https:\/\/condescending-zhukovsky.51-91-233-185.plesk.page\/wp-content\/uploads\/2022\/09\/Omen-Paris-logo.jpg","width":250,"height":78,"caption":"Omen Paris"},"image":{"@id":"https:\/\/condescending-zhukovsky.51-91-233-185.plesk.page\/en\/#\/schema\/logo\/image\/"},"sameAs":["https:\/\/www.instagram.com\/omenparis\/"]}]}},"_links":{"self":[{"href":"https:\/\/condescending-zhukovsky.51-91-233-185.plesk.page\/en\/wp-json\/wp\/v2\/pages\/3211","targetHints":{"allow":["GET"]}}],"collection":[{"href":"https:\/\/condescending-zhukovsky.51-91-233-185.plesk.page\/en\/wp-json\/wp\/v2\/pages"}],"about":[{"href":"https:\/\/condescending-zhukovsky.51-91-233-185.plesk.page\/en\/wp-json\/wp\/v2\/types\/page"}],"author":[{"embeddable":true,"href":"https:\/\/condescending-zhukovsky.51-91-233-185.plesk.page\/en\/wp-json\/wp\/v2\/users\/5"}],"replies":[{"embeddable":true,"href":"https:\/\/condescending-zhukovsky.51-91-233-185.plesk.page\/en\/wp-json\/wp\/v2\/comments?post=3211"}],"version-history":[{"count":5,"href":"https:\/\/condescending-zhukovsky.51-91-233-185.plesk.page\/en\/wp-json\/wp\/v2\/pages\/3211\/revisions"}],"predecessor-version":[{"id":4111,"href":"https:\/\/condescending-zhukovsky.51-91-233-185.plesk.page\/en\/wp-json\/wp\/v2\/pages\/3211\/revisions\/4111"}],"wp:attachment":[{"href":"https:\/\/condescending-zhukovsky.51-91-233-185.plesk.page\/en\/wp-json\/wp\/v2\/media?parent=3211"}],"curies":[{"name":"wp","href":"https:\/\/api.w.org\/{rel}","templated":true}]}}